{"id":6588,"date":"2024-08-07T12:02:55","date_gmt":"2024-08-07T10:02:55","guid":{"rendered":"https:\/\/www.erressegi.it\/?post_type=product&#038;p=6588"},"modified":"2024-08-07T12:02:55","modified_gmt":"2024-08-07T10:02:55","slug":"felpa-bambino-girocollo-made-in-italy","status":"publish","type":"product","link":"https:\/\/www.erressegi.it\/en\/shop\/felpa-bambino-girocollo-made-in-italy\/","title":{"rendered":"Felpa bambino girocollo MADE IN ITALY"},"content":{"rendered":"<p>Questa felpa girocollo \u00e8 perfetta per i bambini attivi. Realizzata in morbido cotone, offre comfort e calore durante tutto l\u2019anno. Il design semplice e versatile la rende adatta sia per la scuola che per il tempo libero. Disponibile in una variet\u00e0 di colori vivaci, come rosso, blu e verde, si abbina facilmente a qualsiasi outfit. Le maniche lunghe e la vestibilit\u00e0 regolare garantiscono una libert\u00e0 di movimento ottimale, mentre i bordi a costine su polsini e orlo assicurano una maggiore durata. Facile da lavare e resistente, questa felpa \u00e8 un\u2019aggiunta essenziale al guardaroba di ogni bambino.<\/p>\n","protected":false},"excerpt":{"rendered":"<div><span class=\"dato\">70% cotone, 30% poliestere<\/span><\/div>\n<div><span class=\"labeL\">Grammatura. <\/span><span class=\"dato\">280 gr\/mq<\/span><\/div>\n<div><span class=\"labeL\">Modello : <\/span><span class=\"dato\">Girocollo<\/span><\/div>\n<div><span class=\"labeL\">Origine : <\/span><span class=\"dato\">Italia<\/span><\/div>\n<div><span class=\"labeL\">Tessuto : <\/span><span class=\"dato\">Classico invernale<\/span><\/div>\n<div><\/div>\n<div>Codice\u00a0 : IT046<\/div>\n","protected":false},"featured_media":6589,"template":"","meta":{"_links_to":"","_links_to_target":""},"product_brand":[],"product_cat":[213],"product_tag":[],"class_list":{"0":"post-6588","1":"product","2":"type-product","3":"status-publish","4":"has-post-thumbnail","6":"product_cat-ritorno-a-scuola","7":"entry","8":"has-media","10":"first","11":"instock","12":"shipping-taxable","13":"product-type-simple","14":"col","15":"wpex-woo-entry","16":"span_1_of_3"},"yoast_head":"<!-- This site is optimized with the Yoast SEO plugin v24.8.1 - https:\/\/yoast.com\/wordpress\/plugins\/seo\/ -->\n<title>Felpa bambino girocollo MADE IN ITALY - Ritorno a Scuola Bologna<\/title>\n<meta name=\"description\" content=\"Felpa bambino girocollo MADE IN ITALY - Ritorno a Scuola Bologna - 70% cotone, 30% poliestere Grammatura. 280 gr\/mq Modello : Girocollo Origine : Italia Tessuto : Classico invernale  Codice\u00a0 : IT046\" \/>\n<meta name=\"robots\" content=\"index, follow, max-snippet:-1, max-image-preview:large, max-video-preview:-1\" \/>\n<link rel=\"canonical\" href=\"https:\/\/www.erressegi.it\/shop\/felpa-bambino-girocollo-made-in-italy\/\" \/>\n<meta property=\"og:locale\" content=\"en_US\" \/>\n<meta property=\"og:type\" content=\"article\" \/>\n<meta property=\"og:title\" content=\"Felpa bambino girocollo MADE IN ITALY - Ritorno a Scuola Bologna\" \/>\n<meta property=\"og:description\" content=\"Felpa bambino girocollo MADE IN ITALY - Ritorno a Scuola Bologna - 70% cotone, 30% poliestere Grammatura. 280 gr\/mq Modello : Girocollo Origine : Italia Tessuto : Classico invernale  Codice\u00a0 : IT046\" \/>\n<meta property=\"og:url\" content=\"https:\/\/www.erressegi.it\/shop\/felpa-bambino-girocollo-made-in-italy\/\" \/>\n<meta property=\"og:site_name\" content=\"ERRESSEGI s.r.l.\" \/>\n<meta property=\"article:publisher\" content=\"https:\/\/www.facebook.com\/ingrosso.abbigliamento\" \/>\n<meta property=\"og:image\" content=\"https:\/\/www.erressegi.it\/wp-content\/uploads\/2024\/08\/11.jpg\" \/>\n\t<meta property=\"og:image:width\" content=\"1000\" \/>\n\t<meta property=\"og:image:height\" content=\"1000\" \/>\n\t<meta property=\"og:image:type\" content=\"image\/jpeg\" \/>\n<meta name=\"twitter:card\" content=\"summary_large_image\" \/>\n<meta name=\"twitter:site\" content=\"@Erressegi\" \/>\n<meta name=\"twitter:label1\" content=\"Est. reading time\" \/>\n\t<meta name=\"twitter:data1\" content=\"1 minute\" \/>\n<!-- \/ Yoast SEO plugin. -->","yoast_head_json":{"title":"Felpa bambino girocollo MADE IN ITALY - Ritorno a Scuola Bologna","description":"Felpa bambino girocollo MADE IN ITALY - Ritorno a Scuola Bologna - 70% cotone, 30% poliestere Grammatura. 280 gr\/mq Modello : Girocollo Origine : Italia Tessuto : Classico invernale  Codice\u00a0 : IT046","robots":{"index":"index","follow":"follow","max-snippet":"max-snippet:-1","max-image-preview":"max-image-preview:large","max-video-preview":"max-video-preview:-1"},"canonical":"https:\/\/www.erressegi.it\/shop\/felpa-bambino-girocollo-made-in-italy\/","og_locale":"en_US","og_type":"article","og_title":"Felpa bambino girocollo MADE IN ITALY - Ritorno a Scuola Bologna","og_description":"Felpa bambino girocollo MADE IN ITALY - Ritorno a Scuola Bologna - 70% cotone, 30% poliestere Grammatura. 280 gr\/mq Modello : Girocollo Origine : Italia Tessuto : Classico invernale  Codice\u00a0 : IT046","og_url":"https:\/\/www.erressegi.it\/shop\/felpa-bambino-girocollo-made-in-italy\/","og_site_name":"ERRESSEGI s.r.l.","article_publisher":"https:\/\/www.facebook.com\/ingrosso.abbigliamento","og_image":[{"width":1000,"height":1000,"url":"https:\/\/www.erressegi.it\/wp-content\/uploads\/2024\/08\/11.jpg","type":"image\/jpeg"}],"twitter_card":"summary_large_image","twitter_site":"@Erressegi","twitter_misc":{"Est. reading time":"1 minute"},"schema":{"@context":"https:\/\/schema.org","@graph":[{"@type":"WebPage","@id":"https:\/\/www.erressegi.it\/shop\/felpa-bambino-girocollo-made-in-italy\/","url":"https:\/\/www.erressegi.it\/shop\/felpa-bambino-girocollo-made-in-italy\/","name":"Felpa bambino girocollo MADE IN ITALY - Ritorno a Scuola Bologna","isPartOf":{"@id":"http:\/\/www.erressegi.it\/en\/#website"},"primaryImageOfPage":{"@id":"https:\/\/www.erressegi.it\/shop\/felpa-bambino-girocollo-made-in-italy\/#primaryimage"},"image":{"@id":"https:\/\/www.erressegi.it\/shop\/felpa-bambino-girocollo-made-in-italy\/#primaryimage"},"thumbnailUrl":"https:\/\/www.erressegi.it\/wp-content\/uploads\/2024\/08\/11.jpg","datePublished":"2024-08-07T10:02:55+00:00","description":"Felpa bambino girocollo MADE IN ITALY - Ritorno a Scuola Bologna - 70% cotone, 30% poliestere Grammatura. 280 gr\/mq Modello : Girocollo Origine : Italia Tessuto : Classico invernale Codice\u00a0 : IT046","breadcrumb":{"@id":"https:\/\/www.erressegi.it\/shop\/felpa-bambino-girocollo-made-in-italy\/#breadcrumb"},"inLanguage":"en-US","potentialAction":[{"@type":"ReadAction","target":["https:\/\/www.erressegi.it\/shop\/felpa-bambino-girocollo-made-in-italy\/"]}]},{"@type":"ImageObject","inLanguage":"en-US","@id":"https:\/\/www.erressegi.it\/shop\/felpa-bambino-girocollo-made-in-italy\/#primaryimage","url":"https:\/\/www.erressegi.it\/wp-content\/uploads\/2024\/08\/11.jpg","contentUrl":"https:\/\/www.erressegi.it\/wp-content\/uploads\/2024\/08\/11.jpg","width":1000,"height":1000},{"@type":"BreadcrumbList","@id":"https:\/\/www.erressegi.it\/shop\/felpa-bambino-girocollo-made-in-italy\/#breadcrumb","itemListElement":[{"@type":"ListItem","position":1,"name":"Home","item":"https:\/\/www.erressegi.it\/en\/"},{"@type":"ListItem","position":2,"name":"Shop","item":"https:\/\/www.erressegi.it\/en\/shop\/"},{"@type":"ListItem","position":3,"name":"Felpa bambino girocollo MADE IN ITALY"}]},{"@type":"WebSite","@id":"http:\/\/www.erressegi.it\/en\/#website","url":"http:\/\/www.erressegi.it\/en\/","name":"ERRESSEGI s.r.l.","description":"Ingrosso abbigliamento tempo libero e da lavoro","publisher":{"@id":"http:\/\/www.erressegi.it\/en\/#organization"},"potentialAction":[{"@type":"SearchAction","target":{"@type":"EntryPoint","urlTemplate":"http:\/\/www.erressegi.it\/en\/?s={search_term_string}"},"query-input":{"@type":"PropertyValueSpecification","valueRequired":true,"valueName":"search_term_string"}}],"inLanguage":"en-US"},{"@type":"Organization","@id":"http:\/\/www.erressegi.it\/en\/#organization","name":"ERRESSEGI SRL","url":"http:\/\/www.erressegi.it\/en\/","logo":{"@type":"ImageObject","inLanguage":"en-US","@id":"http:\/\/www.erressegi.it\/en\/#\/schema\/logo\/image\/","url":"https:\/\/www.erressegi.it\/wp-content\/uploads\/2018\/11\/logo-erressegi.png","contentUrl":"https:\/\/www.erressegi.it\/wp-content\/uploads\/2018\/11\/logo-erressegi.png","width":405,"height":100,"caption":"ERRESSEGI SRL"},"image":{"@id":"http:\/\/www.erressegi.it\/en\/#\/schema\/logo\/image\/"},"sameAs":["https:\/\/www.facebook.com\/ingrosso.abbigliamento","https:\/\/x.com\/Erressegi","https:\/\/www.youtube.com\/user\/Erressegi"]}]}},"_links":{"self":[{"href":"https:\/\/www.erressegi.it\/en\/wp-json\/wp\/v2\/product\/6588","targetHints":{"allow":["GET"]}}],"collection":[{"href":"https:\/\/www.erressegi.it\/en\/wp-json\/wp\/v2\/product"}],"about":[{"href":"https:\/\/www.erressegi.it\/en\/wp-json\/wp\/v2\/types\/product"}],"wp:featuredmedia":[{"embeddable":true,"href":"https:\/\/www.erressegi.it\/en\/wp-json\/wp\/v2\/media\/6589"}],"wp:attachment":[{"href":"https:\/\/www.erressegi.it\/en\/wp-json\/wp\/v2\/media?parent=6588"}],"wp:term":[{"taxonomy":"product_brand","embeddable":true,"href":"https:\/\/www.erressegi.it\/en\/wp-json\/wp\/v2\/product_brand?post=6588"},{"taxonomy":"product_cat","embeddable":true,"href":"https:\/\/www.erressegi.it\/en\/wp-json\/wp\/v2\/product_cat?post=6588"},{"taxonomy":"product_tag","embeddable":true,"href":"https:\/\/www.erressegi.it\/en\/wp-json\/wp\/v2\/product_tag?post=6588"}],"curies":[{"name":"wp","href":"https:\/\/api.w.org\/{rel}","templated":true}]}}